{"id":88,"date":"2019-01-24T08:37:57","date_gmt":"2019-01-24T08:37:57","guid":{"rendered":"http:\/\/hippisch-loket.nl\/?page_id=88"},"modified":"2019-12-16T13:29:15","modified_gmt":"2019-12-16T13:29:15","slug":"juridisch-abonnement","status":"publish","type":"page","link":"https:\/\/hippisch-loket.nl\/?page_id=88","title":{"rendered":"Juridisch abonnement"},"content":{"rendered":"\n<p>U als ondernemer weet dat het ondernemerschap risico&#8217;s met zich mee kan brengen. Met een juridisch abonnement hoeft u zich geen zorgen meer te maken over allerlei juridische kwesties en conflicten die van uw dagelijkse werkzaamheden veel energie kunnen vergen. Door tijdig deskundig juridisch advies in te winnen kunt u een hoop zorgen worden voorkomen.&nbsp; <\/p>\n\n\n\n<p>De voordelen:<\/p>\n\n\n\n<ul class=\"wp-block-list\"><li>Onbeperkt juridisch advies telefonisch of per e-mail. Ook in de avonduren en in het weekend;\u00a0<\/li><li>Contracten APK: een check van uw huidige contracten en algemene voorwaarden;<\/li><li>Gratis incassoservice, waarbij voorafgaand een vriendelijk incassoverzoek wordt verstuurd, indien nodig gevolgd door twee standaardaanmaningen;<\/li><li>Standaard 10% korting op het uurtarief;\u00a0<\/li><li>Voor verdere incassowerkzaamheden, zoals reageren op verweer of het voeren van een procedure, krijgt u 15% korting op het uurtarief;<\/li><li>Preventieve maatregelen nemen in plaats van het oplossen van een ontstaan probleem;\u00a0<\/li><li>Advies over actuele onderwerpen;\u00a0<\/li><li>Professionele begeleiding en ondersteuning door een ervaren jurist;\u00a0<\/li><li>Altijd direct en persoonlijk contact met uw &#8216;eigen&#8217; jurist;\u00a0<\/li><li>Geen eigen risico;\u00a0<\/li><li>Aanzienlijk lager tarief dan advocaten.<\/li><\/ul>\n\n\n\n<p>Het&nbsp;abonnement&nbsp;bedraagt \u20ac 295,00* per jaar wanneer het bedrag jaarlijks wordt betaald en heeft een looptijd van \u00e9\u00e9n jaar. Opzegging dient minimaal te geschieden \u00e9\u00e9n maand voor het einde van het lopende abonnementsjaar.<\/p>\n\n\n\n<p>Het&nbsp;abonnement&nbsp;kan ook maandelijks betaald en opgezegd worden. De kosten van het abonnement&nbsp;zijn dan \u20ac 40,00* per maand.<\/p>\n\n\n\n<p>* De genoemde prijzen zijn exclusief\nbtw. <\/p>\n","protected":false},"excerpt":{"rendered":"<p>U als ondernemer weet dat het ondernemerschap risico&#8217;s met zich mee kan brengen. Met een juridisch abonnement hoeft u zich geen zorgen meer te maken over allerlei juridische kwesties en conflicten die van uw dagelijkse werkzaamheden veel energie kunnen vergen. Door tijdig deskundig juridisch advies in te winnen kunt u een hoop zorgen worden voorkomen.&nbsp;&#8230;<\/p>\n","protected":false},"author":1,"featured_media":0,"parent":0,"menu_order":0,"comment_status":"closed","ping_status":"closed","template":"","meta":{"footnotes":""},"class_list":["post-88","page","type-page","status-publish","hentry"],"_links":{"self":[{"href":"https:\/\/hippisch-loket.nl\/index.php?rest_route=\/wp\/v2\/pages\/88","targetHints":{"allow":["GET"]}}],"collection":[{"href":"https:\/\/hippisch-loket.nl\/index.php?rest_route=\/wp\/v2\/pages"}],"about":[{"href":"https:\/\/hippisch-loket.nl\/index.php?rest_route=\/wp\/v2\/types\/page"}],"author":[{"embeddable":true,"href":"https:\/\/hippisch-loket.nl\/index.php?rest_route=\/wp\/v2\/users\/1"}],"replies":[{"embeddable":true,"href":"https:\/\/hippisch-loket.nl\/index.php?rest_route=%2Fwp%2Fv2%2Fcomments&post=88"}],"version-history":[{"count":8,"href":"https:\/\/hippisch-loket.nl\/index.php?rest_route=\/wp\/v2\/pages\/88\/revisions"}],"predecessor-version":[{"id":111,"href":"https:\/\/hippisch-loket.nl\/index.php?rest_route=\/wp\/v2\/pages\/88\/revisions\/111"}],"wp:attachment":[{"href":"https:\/\/hippisch-loket.nl\/index.php?rest_route=%2Fwp%2Fv2%2Fmedia&parent=88"}],"curies":[{"name":"wp","href":"https:\/\/api.w.org\/{rel}","templated":true}]}}